{"id":179,"date":"2023-03-02T21:37:50","date_gmt":"2023-03-02T20:37:50","guid":{"rendered":"http:\/\/lhodos.sk\/?page_id=179"},"modified":"2023-03-05T19:52:03","modified_gmt":"2023-03-05T18:52:03","slug":"ponuka-prace","status":"publish","type":"page","link":"https:\/\/lhodos.sk\/en\/ponuka-prace\/","title":{"rendered":"Job offer"},"content":{"rendered":"<div id=\"o-nas\" class=\"fusion-container-anchor\"><div class=\"fusion-fullwidth fullwidth-box fusion-builder-row-1 fusion-flex-container has-pattern-background has-mask-background nonhundred-percent-fullwidth non-hundred-percent-height-scrolling\" style=\"--awb-border-radius-top-left:0px;--awb-border-radius-top-right:0px;--awb-border-radius-bottom-right:0px;--awb-border-radius-bottom-left:0px;--awb-padding-top:0px;--awb-padding-bottom:150px;--awb-padding-right-small:5px;--awb-padding-left-small:5px;--awb-margin-bottom:0px;\" ><div class=\"fusion-builder-row fusion-row fusion-flex-align-items-flex-start\" style=\"max-width:calc( 1200px + 0px );margin-left: calc(-0px \/ 2 );margin-right: calc(-0px \/ 2 );\"><div class=\"fusion-layout-column fusion_builder_column fusion-builder-column-0 fusion_builder_column_1_1 1_1 fusion-flex-column\" style=\"--awb-bg-size:cover;--awb-width-large:100%;--awb-margin-top-large:0px;--awb-spacing-right-large:calc( 0 * calc( 100% - 0px ) );--awb-margin-bottom-large:20px;--awb-spacing-left-large:calc( 0 * calc( 100% - 0px ) );--awb-width-medium:100%;--awb-order-medium:0;--awb-spacing-right-medium:calc( 0 * calc( 100% - 0px ) );--awb-spacing-left-medium:calc( 0 * calc( 100% - 0px ) );--awb-width-small:100%;--awb-order-small:0;--awb-spacing-right-small:0px;--awb-spacing-left-small:0px;\"><div class=\"fusion-column-wrapper fusion-column-has-shadow fusion-flex-justify-content-flex-start fusion-content-layout-column\"><div class=\"fusion-title title fusion-title-1 fusion-sep-none fusion-title-center fusion-title-text fusion-title-size-three\" style=\"--awb-font-size:28px;\"><h3 class=\"title-heading-center\" style=\"font-family:&quot;Roboto&quot;;font-style:normal;font-weight:500;margin:0;font-size:1em;\">Job offer<\/h3><\/div><div class=\"fusion-separator\" style=\"align-self: center;margin-left: auto;margin-right: auto;margin-bottom:60px;width:100%;max-width:40px;\"><div class=\"fusion-separator-border sep-single sep-solid\" style=\"--awb-height:20px;--awb-amount:20px;border-color:#ff4747;border-top-width:2px;\"><\/div><\/div><div class=\"fusion-text fusion-text-1\" style=\"--awb-font-size:14px;--awb-margin-right:20px;--awb-margin-left:20px;--awb-text-font-family:&quot;Roboto&quot;;--awb-text-font-style:normal;--awb-text-font-weight:400;\"><h2 style=\"font-size: 23px;\" data-fusion-font=\"true\">Professional driver of international truck transport<\/h2>\n<p><span style=\"font-size: 23px; font-family: Roboto; font-weight: 500;\" data-fusion-font=\"true\" data-fusion-google-font=\"Roboto\" data-fusion-google-variant=\"500\">Information about the job:<\/span><\/p>\n<ul>\n<li><span style=\"font-family: 'Roboto Flex'; font-weight: 400;\" data-fusion-font=\"true\" data-fusion-google-font=\"Roboto Flex\" data-fusion-google-variant=\"400\">transport of goods in EU countries in new and clean vehicles<\/span><\/li>\n<li><span style=\"font-family: 'Roboto Flex'; font-weight: 400;\" data-fusion-font=\"true\" data-fusion-google-font=\"Roboto Flex\" data-fusion-google-variant=\"400\">countries \u2013 Austria, Germany, Slovenia, Hungary, Poland and France( if is required by the carrier)<\/span><\/li>\n<li><span style=\"font-family: 'Roboto Flex'; font-weight: 400;\" data-fusion-font=\"true\" data-fusion-google-font=\"Roboto Flex\" data-fusion-google-variant=\"400\">working period: from 3 to 4 weeks, free days from 5 to 7 days, if necessary then possibility also longer working period<\/span><\/li>\n<\/ul>\n<p><em><strong style=\"font-family: 'Roboto Flex'; font-size: 15px;\" data-fusion-font=\"true\" data-fusion-google-font=\"Roboto Flex\" data-fusion-google-variant=\"400\">Employee benefits:<\/strong><\/em><\/p>\n<ul>\n<li><span style=\"font-family: 'Roboto Flex'; font-weight: 400;\" data-fusion-font=\"true\" data-fusion-google-font=\"Roboto Flex\" data-fusion-google-variant=\"400\">motivating financial evaluation (basic salary + diets + bonuses)<\/span><\/li>\n<li><span style=\"font-family: 'Roboto Flex'; font-weight: 400;\" data-fusion-font=\"true\" data-fusion-google-font=\"Roboto Flex\" data-fusion-google-variant=\"400\">loyalty and motivation program \u2013 possibility to increase basic salary,<\/span><\/li>\n<li><span style=\"font-family: 'Roboto Flex'; font-weight: 400;\" data-fusion-font=\"true\" data-fusion-google-font=\"Roboto Flex\" data-fusion-google-variant=\"400\">striktn\u00e9 dodr\u017eiavanie v\u00fdplatn\u00fdch term\u00ednov<\/span><\/li>\n<li><span style=\"font-family: 'Roboto Flex'; font-weight: 400;\" data-fusion-font=\"true\" data-fusion-google-font=\"Roboto Flex\" data-fusion-google-variant=\"400\">(Euro 5 EEV, Euro 6) \u2013 100% maintenance (Volvo non-stop service), EU-equipped automatic toll units, premium equipment (TV, refrigerator, AC, payment method within the EU)<\/span><\/li>\n<li><span style=\"font-family: 'Roboto Flex'; font-weight: 400;\" data-fusion-font=\"true\" data-fusion-google-font=\"Roboto Flex\" data-fusion-google-variant=\"400\">phone \u2013 also for personal purposes<\/span><\/li>\n<li><span style=\"font-family: 'Roboto Flex'; font-weight: 400;\" data-fusion-font=\"true\" data-fusion-google-font=\"Roboto Flex\" data-fusion-google-variant=\"400\">non-stop dispatching, in the beginning \u2013 help with navigation<\/span><\/li>\n<li><span style=\"font-family: 'Roboto Flex'; font-weight: 400;\" data-fusion-font=\"true\" data-fusion-google-font=\"Roboto Flex\" data-fusion-google-variant=\"400\">other employee benefits \u2013 parking of a private vehicle in the area of the company, possibility of renting a company passenger car<\/span><\/li>\n<li><span style=\"font-family: 'Roboto Flex'; font-weight: 400;\" data-fusion-font=\"true\" data-fusion-google-font=\"Roboto Flex\" data-fusion-google-variant=\"400\">the background of a stabilized and long-term family business, a friendly team<\/span><\/li>\n<\/ul>\n<p><span style=\"font-family: Roboto Flex;\">\u00a0<\/span><\/p>\n<p><strong style=\"font-size: 23px; font-family: Roboto; font-weight: 500;\" data-fusion-font=\"true\" data-fusion-google-font=\"Roboto\" data-fusion-google-variant=\"500\">Information about the competition:<\/strong><\/p>\n<p style=\"font-family: 'Roboto Flex'; font-weight: 400;\" data-fusion-font=\"true\" data-fusion-google-font=\"Roboto Flex\" data-fusion-google-variant=\"400\">If you are interested, please contact us by phone at the following numbers or by mail: lhodos@lhodos.sk<\/p>\n<p style=\"font-family: 'Roboto Flex'; font-weight: 400;\" data-fusion-font=\"true\" data-fusion-google-font=\"Roboto Flex\" data-fusion-google-variant=\"400\">Contact<\/p>\n<p><span style=\"font-family: 'Roboto Flex'; font-weight: 400;\" data-fusion-font=\"true\" data-fusion-google-font=\"Roboto Flex\" data-fusion-google-variant=\"400\">Tom\u00e1\u0161 Hru\u0161\u00edk, tel. <\/span><strong style=\"font-family: 'Roboto Flex'; font-weight: 400;\" data-fusion-font=\"true\" data-fusion-google-font=\"Roboto Flex\" data-fusion-google-variant=\"400\">0905 990 993<\/strong><\/p>\n<p><span style=\"font-family: 'Roboto Flex'; font-weight: 400;\" data-fusion-font=\"true\" data-fusion-google-font=\"Roboto Flex\" data-fusion-google-variant=\"400\">Alena Hru\u0161\u00edkov\u00e1, tel. <\/span><strong style=\"font-family: 'Roboto Flex'; font-weight: 400;\" data-fusion-font=\"true\" data-fusion-google-font=\"Roboto Flex\" data-fusion-google-variant=\"400\">0907 262 636<\/strong><\/p>\n<p style=\"font-family: 'Roboto Flex'; font-weight: 400;\" data-fusion-font=\"true\" data-fusion-google-font=\"Roboto Flex\" data-fusion-google-variant=\"400\">facebook: Lhodos s.r.o.<\/p>\n<p style=\"font-family: 'Roboto Flex'; font-weight: 400;\" data-fusion-font=\"true\" data-fusion-google-font=\"Roboto Flex\" data-fusion-google-variant=\"400\">\n<p><strong style=\"font-size: 23px; font-family: Roboto; font-weight: 500;\" data-fusion-font=\"true\" data-fusion-google-font=\"Roboto\" data-fusion-google-variant=\"500\">Employee requirements:<\/strong><\/p>\n<ul>\n<li><span style=\"font-family: 'Roboto Flex'; font-weight: 400;\" data-fusion-font=\"true\" data-fusion-google-font=\"Roboto Flex\" data-fusion-google-variant=\"400\">high school without maturity<\/span><\/li>\n<li><span style=\"font-family: 'Roboto Flex'; font-weight: 400;\" data-fusion-font=\"true\" data-fusion-google-font=\"Roboto Flex\" data-fusion-google-variant=\"400\">high school with A level<\/span><\/li>\n<li><span style=\"font-family: 'Roboto Flex'; font-weight: 400;\" data-fusion-font=\"true\" data-fusion-google-font=\"Roboto Flex\" data-fusion-google-variant=\"400\">superstructure \/ higher education<\/span><\/li>\n<\/ul>\n<p><em><strong style=\"font-family: 'Roboto Flex';\" data-fusion-font=\"true\" data-fusion-google-font=\"Roboto Flex\" data-fusion-google-variant=\"400\">Language skills<\/strong><\/em><\/p>\n<ul>\n<li><span style=\"font-family: 'Roboto Flex'; font-weight: 400;\" data-fusion-font=\"true\" data-fusion-google-font=\"Roboto Flex\" data-fusion-google-variant=\"400\">German language \u2013 beginner (A2) <\/span><strong style=\"font-family: 'Roboto Flex'; font-weight: 400;\" data-fusion-font=\"true\" data-fusion-google-font=\"Roboto Flex\" data-fusion-google-variant=\"400\">or<\/strong><\/li>\n<li><span style=\"font-family: 'Roboto Flex'; font-weight: 400;\" data-fusion-font=\"true\" data-fusion-google-font=\"Roboto Flex\" data-fusion-google-variant=\"400\">English Language \u2013 Beginner (2)<\/span><\/li>\n<\/ul>\n<p><em><strong style=\"font-family: 'Roboto Flex';\" data-fusion-font=\"true\" data-fusion-google-font=\"Roboto Flex\" data-fusion-google-variant=\"400\">Driving Licence<\/strong><\/em><\/p>\n<ul>\n<li><span style=\"font-family: 'Roboto Flex'; font-weight: 400;\" data-fusion-font=\"true\" data-fusion-google-font=\"Roboto Flex\" data-fusion-google-variant=\"400\">B, C, E<\/span><\/li>\n<\/ul>\n<p><em><strong style=\"font-family: 'Roboto Flex';\" data-fusion-font=\"true\" data-fusion-google-font=\"Roboto Flex\" data-fusion-google-variant=\"400\">Personally requires and skills<\/strong><\/em><\/p>\n<ul>\n<li><span style=\"font-family: 'Roboto Flex'; font-weight: 400;\" data-fusion-font=\"true\" data-fusion-google-font=\"Roboto Flex\" data-fusion-google-variant=\"400\">driver qualification card<\/span><\/li>\n<li><span style=\"font-family: 'Roboto Flex'; font-weight: 400;\" data-fusion-font=\"true\" data-fusion-google-font=\"Roboto Flex\" data-fusion-google-variant=\"400\">valid psychological and medical fitness of the driver, tachograph card<\/span><\/li>\n<li><span style=\"font-family: 'Roboto Flex'; font-weight: 400;\" data-fusion-font=\"true\" data-fusion-google-font=\"Roboto Flex\" data-fusion-google-variant=\"400\">responsibility, autonomy, flexibility, reliability, criminal integrity<\/span><\/li>\n<\/ul>\n<\/div><\/div><\/div><\/div><\/div><\/div>","protected":false},"excerpt":{"rendered":"","protected":false},"author":1,"featured_media":0,"parent":0,"menu_order":0,"comment_status":"closed","ping_status":"closed","template":"100-width.php","meta":{"footnotes":""},"class_list":["post-179","page","type-page","status-publish","hentry"],"_links":{"self":[{"href":"https:\/\/lhodos.sk\/en\/wp-json\/wp\/v2\/pages\/179","targetHints":{"allow":["GET"]}}],"collection":[{"href":"https:\/\/lhodos.sk\/en\/wp-json\/wp\/v2\/pages"}],"about":[{"href":"https:\/\/lhodos.sk\/en\/wp-json\/wp\/v2\/types\/page"}],"author":[{"embeddable":true,"href":"https:\/\/lhodos.sk\/en\/wp-json\/wp\/v2\/users\/1"}],"replies":[{"embeddable":true,"href":"https:\/\/lhodos.sk\/en\/wp-json\/wp\/v2\/comments?post=179"}],"version-history":[{"count":4,"href":"https:\/\/lhodos.sk\/en\/wp-json\/wp\/v2\/pages\/179\/revisions"}],"predecessor-version":[{"id":240,"href":"https:\/\/lhodos.sk\/en\/wp-json\/wp\/v2\/pages\/179\/revisions\/240"}],"wp:attachment":[{"href":"https:\/\/lhodos.sk\/en\/wp-json\/wp\/v2\/media?parent=179"}],"curies":[{"name":"wp","href":"https:\/\/api.w.org\/{rel}","templated":true}]}}